{"id":9,"date":"2016-10-20T15:00:21","date_gmt":"2016-10-20T15:00:21","guid":{"rendered":"http:\/\/goldschmiede-kernschmelze.de\/?page_id=9"},"modified":"2021-06-29T13:02:38","modified_gmt":"2021-06-29T11:02:38","slug":"werkstatt","status":"publish","type":"page","link":"https:\/\/goldschmiede-kernschmelze.de\/?page_id=9","title":{"rendered":"WERKSTATT"},"content":{"rendered":"<p><span style=\"color: #333333;\"><img loading=\"lazy\" decoding=\"async\" class=\"wp-image-106 alignright\" src=\"https:\/\/goldschmiede-kernschmelze.de\/wp-content\/uploads\/b-20000101_000244-153x300.jpg\" alt=\"\" width=\"157\" height=\"308\" srcset=\"https:\/\/goldschmiede-kernschmelze.de\/wp-content\/uploads\/b-20000101_000244-153x300.jpg 153w, https:\/\/goldschmiede-kernschmelze.de\/wp-content\/uploads\/b-20000101_000244-768x1509.jpg 768w, https:\/\/goldschmiede-kernschmelze.de\/wp-content\/uploads\/b-20000101_000244-521x1024.jpg 521w, https:\/\/goldschmiede-kernschmelze.de\/wp-content\/uploads\/b-20000101_000244-102x200.jpg 102w, https:\/\/goldschmiede-kernschmelze.de\/wp-content\/uploads\/b-20000101_000244.jpg 908w\" sizes=\"auto, (max-width: 157px) 100vw, 157px\" \/><\/span><\/p>\n<p><strong>Unikate nach Ihren W\u00fcnschen<\/strong><br \/>\nOb f\u00fcr Juweliere oder Privatleute \u2013 von schlichten Eheringen bis hin zu reich verzierten, mit Edelsteinen besetzten Juwelen fertige ich individuellen Schmuck nach Ihren Entw\u00fcrfen oder helfe bei der Weiterentwicklung erster Ideen. <strong><a href=\"https:\/\/goldschmiede-kernschmelze.de\/?page_id=43\">Erfahren Sie mehr dar\u00fcber<\/a><\/strong>!<\/p>\n<p><img loading=\"lazy\" decoding=\"async\" class=\" wp-image-18 alignleft\" src=\"https:\/\/goldschmiede-kernschmelze.de\/wp-content\/uploads\/2016\/10\/Background-Werkzeug-a-300x214.png\" alt=\"\" width=\"376\" height=\"268\" srcset=\"https:\/\/goldschmiede-kernschmelze.de\/wp-content\/uploads\/2016\/10\/Background-Werkzeug-a-300x214.png 300w, https:\/\/goldschmiede-kernschmelze.de\/wp-content\/uploads\/2016\/10\/Background-Werkzeug-a-768x549.png 768w, https:\/\/goldschmiede-kernschmelze.de\/wp-content\/uploads\/2016\/10\/Background-Werkzeug-a-1024x731.png 1024w, https:\/\/goldschmiede-kernschmelze.de\/wp-content\/uploads\/2016\/10\/Background-Werkzeug-a-280x200.png 280w, https:\/\/goldschmiede-kernschmelze.de\/wp-content\/uploads\/2016\/10\/Background-Werkzeug-a.png 1400w\" sizes=\"auto, (max-width: 376px) 100vw, 376px\" \/><\/p>\n<p><strong>Reparaturen f\u00fcr alle F\u00e4lle<\/strong><br \/>\nUm besch\u00e4digte oder in die Jahre gekommene Schmuckst\u00fccken in neuer Pracht erstrahlen zu lassen, repariere und restauriere ich auf h\u00f6chstem Niveau \u2013 inklusive Vers\u00e4ubern und Finish! Wie ich Ihnen mit einem Laserschwei\u00dfger\u00e4t der neuesten Generation dabei klare Vorteile biete, <strong><a href=\"https:\/\/goldschmiede-kernschmelze.de\/?page_id=46\">lesen Sie hier<\/a><\/strong>.<\/p>\n","protected":false},"excerpt":{"rendered":"<p>Unikate nach Ihren W\u00fcnschen Ob f\u00fcr Juweliere oder Privatleute \u2013 von schlichten Eheringen bis hin zu reich verzierten, mit Edelsteinen<\/p>\n<p><a href=\"https:\/\/goldschmiede-kernschmelze.de\/?page_id=9\" class=\"more-link\">Continue reading<span class=\"screen-reader-text\">WERKSTATT<\/span><\/a><\/p>\n","protected":false},"author":1,"featured_media":0,"parent":0,"menu_order":3,"comment_status":"closed","ping_status":"closed","template":"templates\/full-width-page.php","meta":{"footnotes":""},"class_list":["post-9","page","type-page","status-publish","hentry"],"_links":{"self":[{"href":"https:\/\/goldschmiede-kernschmelze.de\/index.php?rest_route=\/wp\/v2\/pages\/9","targetHints":{"allow":["GET"]}}],"collection":[{"href":"https:\/\/goldschmiede-kernschmelze.de\/index.php?rest_route=\/wp\/v2\/pages"}],"about":[{"href":"https:\/\/goldschmiede-kernschmelze.de\/index.php?rest_route=\/wp\/v2\/types\/page"}],"author":[{"embeddable":true,"href":"https:\/\/goldschmiede-kernschmelze.de\/index.php?rest_route=\/wp\/v2\/users\/1"}],"replies":[{"embeddable":true,"href":"https:\/\/goldschmiede-kernschmelze.de\/index.php?rest_route=%2Fwp%2Fv2%2Fcomments&post=9"}],"version-history":[{"count":14,"href":"https:\/\/goldschmiede-kernschmelze.de\/index.php?rest_route=\/wp\/v2\/pages\/9\/revisions"}],"predecessor-version":[{"id":497,"href":"https:\/\/goldschmiede-kernschmelze.de\/index.php?rest_route=\/wp\/v2\/pages\/9\/revisions\/497"}],"wp:attachment":[{"href":"https:\/\/goldschmiede-kernschmelze.de\/index.php?rest_route=%2Fwp%2Fv2%2Fmedia&parent=9"}],"curies":[{"name":"wp","href":"https:\/\/api.w.org\/{rel}","templated":true}]}}