{"id":56,"date":"2016-10-21T16:39:23","date_gmt":"2016-10-21T14:39:23","guid":{"rendered":"http:\/\/goldschmiede-kernschmelze.de\/?page_id=56"},"modified":"2021-07-02T10:30:33","modified_gmt":"2021-07-02T08:30:33","slug":"hinged-31","status":"publish","type":"page","link":"https:\/\/goldschmiede-kernschmelze.de\/?page_id=56","title":{"rendered":"&#8222;hinged&#8220;"},"content":{"rendered":"<p><!--more--><\/p>\n<p><figure id=\"attachment_284\" aria-describedby=\"caption-attachment-284\" style=\"width: 775px\" class=\"wp-caption aligncenter\"><img loading=\"lazy\" decoding=\"async\" class=\"wp-image-284 size-large\" src=\"https:\/\/goldschmiede-kernschmelze.de\/wp-content\/uploads\/hinged-32e-1024x768.jpg\" alt=\"\" width=\"775\" height=\"581\" srcset=\"https:\/\/goldschmiede-kernschmelze.de\/wp-content\/uploads\/hinged-32e.jpg 1024w, https:\/\/goldschmiede-kernschmelze.de\/wp-content\/uploads\/hinged-32e-300x225.jpg 300w, https:\/\/goldschmiede-kernschmelze.de\/wp-content\/uploads\/hinged-32e-768x576.jpg 768w, https:\/\/goldschmiede-kernschmelze.de\/wp-content\/uploads\/hinged-32e-267x200.jpg 267w\" sizes=\"auto, (max-width: 775px) 100vw, 775px\" \/><figcaption id=\"caption-attachment-284\" class=\"wp-caption-text\">hinged 32e, Ohrstecker, Silber 925\/-, Stifte klappbar<\/figcaption><\/figure><br>\n<figure id=\"attachment_286\" aria-describedby=\"caption-attachment-286\" style=\"width: 775px\" class=\"wp-caption aligncenter\"><img loading=\"lazy\" decoding=\"async\" class=\"wp-image-286 size-large\" src=\"https:\/\/goldschmiede-kernschmelze.de\/wp-content\/uploads\/hinged-32m-1024x768.jpg\" alt=\"\" width=\"775\" height=\"581\" srcset=\"https:\/\/goldschmiede-kernschmelze.de\/wp-content\/uploads\/hinged-32m.jpg 1024w, https:\/\/goldschmiede-kernschmelze.de\/wp-content\/uploads\/hinged-32m-300x225.jpg 300w, https:\/\/goldschmiede-kernschmelze.de\/wp-content\/uploads\/hinged-32m-768x576.jpg 768w, https:\/\/goldschmiede-kernschmelze.de\/wp-content\/uploads\/hinged-32m-267x200.jpg 267w\" sizes=\"auto, (max-width: 775px) 100vw, 775px\" \/><figcaption id=\"caption-attachment-286\" class=\"wp-caption-text\">hinged 32m, Ring, Silber 925\/-, Kopf klappbar<\/figcaption><\/figure><br>\n<figure id=\"attachment_290\" aria-describedby=\"caption-attachment-290\" style=\"width: 775px\" class=\"wp-caption aligncenter\"><img loading=\"lazy\" decoding=\"async\" class=\"wp-image-290 size-large\" src=\"https:\/\/goldschmiede-kernschmelze.de\/wp-content\/uploads\/hinged-62-1024x768.jpg\" alt=\"\" width=\"775\" height=\"581\" srcset=\"https:\/\/goldschmiede-kernschmelze.de\/wp-content\/uploads\/hinged-62.jpg 1024w, https:\/\/goldschmiede-kernschmelze.de\/wp-content\/uploads\/hinged-62-300x225.jpg 300w, https:\/\/goldschmiede-kernschmelze.de\/wp-content\/uploads\/hinged-62-768x576.jpg 768w, https:\/\/goldschmiede-kernschmelze.de\/wp-content\/uploads\/hinged-62-267x200.jpg 267w\" sizes=\"auto, (max-width: 775px) 100vw, 775px\" \/><figcaption id=\"caption-attachment-290\" class=\"wp-caption-text\">hinged 63, Ring, Silber 925\/-, Kopf dreh-, klapp- und verschiebbar<\/figcaption><\/figure><br>\n<figure id=\"attachment_288\" aria-describedby=\"caption-attachment-288\" style=\"width: 775px\" class=\"wp-caption aligncenter\"><img loading=\"lazy\" decoding=\"async\" class=\"wp-image-288 size-large\" src=\"https:\/\/goldschmiede-kernschmelze.de\/wp-content\/uploads\/hinged-32s-1024x768.jpg\" alt=\"\" width=\"775\" height=\"581\" srcset=\"https:\/\/goldschmiede-kernschmelze.de\/wp-content\/uploads\/hinged-32s.jpg 1024w, https:\/\/goldschmiede-kernschmelze.de\/wp-content\/uploads\/hinged-32s-300x225.jpg 300w, https:\/\/goldschmiede-kernschmelze.de\/wp-content\/uploads\/hinged-32s-768x576.jpg 768w, https:\/\/goldschmiede-kernschmelze.de\/wp-content\/uploads\/hinged-32s-267x200.jpg 267w\" sizes=\"auto, (max-width: 775px) 100vw, 775px\" \/><figcaption id=\"caption-attachment-288\" class=\"wp-caption-text\">hinged 32s, Ring, Silber 925\/-, Kopf klappbar<\/figcaption><\/figure><br>\n<figure id=\"attachment_289\" aria-describedby=\"caption-attachment-289\" style=\"width: 775px\" class=\"wp-caption aligncenter\"><img loading=\"lazy\" decoding=\"async\" class=\"wp-image-289 size-large\" src=\"https:\/\/goldschmiede-kernschmelze.de\/wp-content\/uploads\/hinged-61-1024x768.jpg\" alt=\"\" width=\"775\" height=\"581\" srcset=\"https:\/\/goldschmiede-kernschmelze.de\/wp-content\/uploads\/hinged-61.jpg 1024w, https:\/\/goldschmiede-kernschmelze.de\/wp-content\/uploads\/hinged-61-300x225.jpg 300w, https:\/\/goldschmiede-kernschmelze.de\/wp-content\/uploads\/hinged-61-768x576.jpg 768w, https:\/\/goldschmiede-kernschmelze.de\/wp-content\/uploads\/hinged-61-267x200.jpg 267w\" sizes=\"auto, (max-width: 775px) 100vw, 775px\" \/><figcaption id=\"caption-attachment-289\" class=\"wp-caption-text\">hinged 61, Ring, Silber 925\/-, Kopf dreh- und klappbar, Stifte individuell verschiebbar<\/figcaption><\/figure><br>\n<figure id=\"attachment_287\" aria-describedby=\"caption-attachment-287\" style=\"width: 775px\" class=\"wp-caption aligncenter\"><img loading=\"lazy\" decoding=\"async\" class=\"wp-image-287 size-large\" src=\"https:\/\/goldschmiede-kernschmelze.de\/wp-content\/uploads\/hinged-32n-1024x768.jpg\" alt=\"\" width=\"775\" height=\"581\" srcset=\"https:\/\/goldschmiede-kernschmelze.de\/wp-content\/uploads\/hinged-32n.jpg 1024w, https:\/\/goldschmiede-kernschmelze.de\/wp-content\/uploads\/hinged-32n-300x225.jpg 300w, https:\/\/goldschmiede-kernschmelze.de\/wp-content\/uploads\/hinged-32n-768x576.jpg 768w, https:\/\/goldschmiede-kernschmelze.de\/wp-content\/uploads\/hinged-32n-267x200.jpg 267w\" sizes=\"auto, (max-width: 775px) 100vw, 775px\" \/><figcaption id=\"caption-attachment-287\" class=\"wp-caption-text\">hinged 32n, Collier, Silber 925\/-, flexibler Halsreif, integrierter Bajonettverschluss, Stift klappbar<\/figcaption><\/figure><br>\n<figure id=\"attachment_291\" aria-describedby=\"caption-attachment-291\" style=\"width: 775px\" class=\"wp-caption aligncenter\"><a style=\"color: #333333;\" href=\"https:\/\/goldschmiede-kernschmelze.de\/#post-7\"><img loading=\"lazy\" decoding=\"async\" class=\"wp-image-291 size-large\" src=\"https:\/\/goldschmiede-kernschmelze.de\/wp-content\/uploads\/hinged-63-1024x768.jpg\" alt=\"\" width=\"775\" height=\"581\" srcset=\"https:\/\/goldschmiede-kernschmelze.de\/wp-content\/uploads\/hinged-63.jpg 1024w, https:\/\/goldschmiede-kernschmelze.de\/wp-content\/uploads\/hinged-63-300x225.jpg 300w, https:\/\/goldschmiede-kernschmelze.de\/wp-content\/uploads\/hinged-63-768x576.jpg 768w, https:\/\/goldschmiede-kernschmelze.de\/wp-content\/uploads\/hinged-63-267x200.jpg 267w\" sizes=\"auto, (max-width: 775px) 100vw, 775px\" \/><\/a><figcaption id=\"caption-attachment-291\" class=\"wp-caption-text\">hinged 62, Ring, Silber 925\/-, Kopf dreh- und klappbar<\/figcaption><\/figure><br>\n<figure id=\"attachment_293\" aria-describedby=\"caption-attachment-293\" style=\"width: 775px\" class=\"wp-caption aligncenter\"><img loading=\"lazy\" decoding=\"async\" class=\"wp-image-293 size-large\" src=\"https:\/\/goldschmiede-kernschmelze.de\/wp-content\/uploads\/hinged-32l2-1024x768.jpg\" alt=\"\" width=\"775\" height=\"581\" srcset=\"https:\/\/goldschmiede-kernschmelze.de\/wp-content\/uploads\/hinged-32l2.jpg 1024w, https:\/\/goldschmiede-kernschmelze.de\/wp-content\/uploads\/hinged-32l2-300x225.jpg 300w, https:\/\/goldschmiede-kernschmelze.de\/wp-content\/uploads\/hinged-32l2-768x576.jpg 768w, https:\/\/goldschmiede-kernschmelze.de\/wp-content\/uploads\/hinged-32l2-267x200.jpg 267w\" sizes=\"auto, (max-width: 775px) 100vw, 775px\" \/><figcaption id=\"caption-attachment-293\" class=\"wp-caption-text\">hinged 32l, Ring, Silber 925\/-, Kopf klappbar<\/figcaption><\/figure><\/p>\n<p>\u201eAn einem Scharnier klappbar\u201c oder \u201egelenkig gelagert\u201c, hei\u00dft auf Englisch einfach &#8222;hinged&#8220;. Entsprechend experimentiert der Schmuck dieser Kollektion mit Mechaniken, deren Bewegungen denen des K\u00f6rpers folgen oder sich auf spannende Weise gegenl\u00e4ufig dazu bewegen. An Exoskelette oder funktionale Vorrichtungen erinnernd, strahlt dieser vorwiegend aus wei\u00dfen Metallen gefertigte Schmuck eine technische, fast schon kalte Aura aus. Das Verh\u00e4ltnis von Maschine und Mensch, der sich zunehmend mit Maschinen umgibt, ist der Grundgedanke hinter dieser Kollektion. \u00dcber die \u00e4sthetische Wirkung hinaus soll dieser Schmuck seine Tr\u00e4ger\/-innen vor allem dazu motivieren, mit ihm zu spielen.<\/p>\n<p>Materialien: Silber, Palladium oder Platin<\/p>\n<p>Preis: Je nach Material \u2013&nbsp; <a href=\"https:\/\/goldschmiede-kernschmelze.de\/#post-15\"><strong>jetzt anfragen!<\/strong><\/a><\/p>\n<p><strong><a href=\"https:\/\/goldschmiede-kernschmelze.de\/#post-7\">Zur\u00fcck zur Hauptseite<\/a><\/strong><\/p>\n\n\n<p><\/p>\n","protected":false},"excerpt":{"rendered":"","protected":false},"author":1,"featured_media":0,"parent":7,"menu_order":1,"comment_status":"closed","ping_status":"closed","template":"","meta":{"footnotes":""},"class_list":["post-56","page","type-page","status-publish","hentry"],"_links":{"self":[{"href":"https:\/\/goldschmiede-kernschmelze.de\/index.php?rest_route=\/wp\/v2\/pages\/56","targetHints":{"allow":["GET"]}}],"collection":[{"href":"https:\/\/goldschmiede-kernschmelze.de\/index.php?rest_route=\/wp\/v2\/pages"}],"about":[{"href":"https:\/\/goldschmiede-kernschmelze.de\/index.php?rest_route=\/wp\/v2\/types\/page"}],"author":[{"embeddable":true,"href":"https:\/\/goldschmiede-kernschmelze.de\/index.php?rest_route=\/wp\/v2\/users\/1"}],"replies":[{"embeddable":true,"href":"https:\/\/goldschmiede-kernschmelze.de\/index.php?rest_route=%2Fwp%2Fv2%2Fcomments&post=56"}],"version-history":[{"count":51,"href":"https:\/\/goldschmiede-kernschmelze.de\/index.php?rest_route=\/wp\/v2\/pages\/56\/revisions"}],"predecessor-version":[{"id":552,"href":"https:\/\/goldschmiede-kernschmelze.de\/index.php?rest_route=\/wp\/v2\/pages\/56\/revisions\/552"}],"up":[{"embeddable":true,"href":"https:\/\/goldschmiede-kernschmelze.de\/index.php?rest_route=\/wp\/v2\/pages\/7"}],"wp:attachment":[{"href":"https:\/\/goldschmiede-kernschmelze.de\/index.php?rest_route=%2Fwp%2Fv2%2Fmedia&parent=56"}],"curies":[{"name":"wp","href":"https:\/\/api.w.org\/{rel}","templated":true}]}}