{"id":46,"date":"2016-10-20T16:01:44","date_gmt":"2016-10-20T16:01:44","guid":{"rendered":"http:\/\/goldschmiede-kernschmelze.de\/?page_id=46"},"modified":"2021-06-30T17:13:44","modified_gmt":"2021-06-30T15:13:44","slug":"reparaturservice","status":"publish","type":"page","link":"https:\/\/goldschmiede-kernschmelze.de\/?page_id=46","title":{"rendered":"Reparaturservice"},"content":{"rendered":"<h2><strong>So wird im 21. Jahrhundert repariert!<img loading=\"lazy\" decoding=\"async\" class=\"wp-image-530 alignright\" src=\"https:\/\/goldschmiede-kernschmelze.de\/wp-content\/uploads\/laser.jpg\" alt=\"\" width=\"495\" height=\"329\" srcset=\"https:\/\/goldschmiede-kernschmelze.de\/wp-content\/uploads\/laser.jpg 965w, https:\/\/goldschmiede-kernschmelze.de\/wp-content\/uploads\/laser-300x199.jpg 300w, https:\/\/goldschmiede-kernschmelze.de\/wp-content\/uploads\/laser-768x510.jpg 768w\" sizes=\"auto, (max-width: 495px) 100vw, 495px\" \/><\/strong><\/h2>\n<p>Laser in der Goldschmiede-Werkstatt gibt es noch nicht allzu lange. W\u00e4hrend meiner Lehrzeit hatte ich jedoch einen Meister, dem es ebenso wichtig war, mit modernsten Technologien zu arbeiten, wie traditionelle Arbeitsweisen zu vermitteln. So konnte ich bereits damals und durch meine gesamte Gesellenzeit durch st\u00e4ndiges Arbeiten mit dem Laser wertvolle Erfahrungen sammeln und meine Fertigkeiten an diesem Werkzeug weiter perfektionieren.<\/p>\n<p><strong>Punktgenaues Laserschwei\u00dfen<\/strong> erm\u00f6glicht saubere, exakte Reparaturen selbst bei schwierigen Herausforderungen. So werden verschmorte Kettchen, sichtbare L\u00f6tfugen bei Ringweiten-\u00c4nderungen, verbrannte Perlen, verf\u00e4rbte oder gesprungene Steine zu Problemen der Vergangenheit.<\/p>\n<p><strong>Ihre Outsourcing-Werkstatt<\/strong><br \/>\nSind Sie selbst Goldschmied oder Juwelier und haben es manchmal mit Reparaturen zu tun, die Ihnen dann doch zu heikel sind? Oder f\u00fcr die Sie selbst nicht genug Zeit haben? Da kann ich Ihnen <strong>bei allen g\u00e4ngigen Schmuck-Legierungen<\/strong> (Silber, Gelb-, Rot- und Wei\u00dfgold sowie Palladium und Platin) sicher weiterhelfen. <strong><a href=\"https:\/\/goldschmiede-kernschmelze.de\/?page_id=15\">Kontaktieren Sie mich einfach f\u00fcr ein faires Angebot<\/a>.<\/strong><\/p>\n<p><strong>Retter Ihrer pers\u00f6nlichen Erinnerungsst\u00fccke<\/strong><br \/>\nM\u00f6chten Sie ein geliebtes Schmuckst\u00fcck reparieren oder ihm neuen Glanz verleihen lassen? Um Besch\u00e4digungen oder Alterungsprozesse vergessen zu machen, verf\u00fcge ich \u00fcber das n\u00f6tige handwerkliche K\u00f6nnen und umfassende Expertise. Selbstverst\u00e4ndlich ist bei Ringen auch eine <strong>Anpassung der Gr\u00f6\u00dfe<\/strong> m\u00f6glich. F\u00fcr eine erste, unverbindliche Einsch\u00e4tzung des Aufwands k\u00f6nnen Sie mir gerne ein <strong><a href=\"https:\/\/goldschmiede-kernschmelze.de\/?page_id=15\">Foto Ihres guten St\u00fccks schicken<\/a>.<\/strong><\/p>\n<p><strong><a href=\"https:\/\/goldschmiede-kernschmelze.de\/#post-7\">Zur\u00fcck zur Hauptseite<\/a><\/strong><\/p>\n","protected":false},"excerpt":{"rendered":"<p>So wird im 21. Jahrhundert repariert! Laser in der Goldschmiede-Werkstatt gibt es noch nicht allzu lange. W\u00e4hrend meiner Lehrzeit hatte<\/p>\n<p><a href=\"https:\/\/goldschmiede-kernschmelze.de\/?page_id=46\" class=\"more-link\">Continue reading<span class=\"screen-reader-text\">Reparaturservice<\/span><\/a><\/p>\n","protected":false},"author":1,"featured_media":0,"parent":9,"menu_order":2,"comment_status":"closed","ping_status":"closed","template":"","meta":{"footnotes":""},"class_list":["post-46","page","type-page","status-publish","hentry"],"_links":{"self":[{"href":"https:\/\/goldschmiede-kernschmelze.de\/index.php?rest_route=\/wp\/v2\/pages\/46","targetHints":{"allow":["GET"]}}],"collection":[{"href":"https:\/\/goldschmiede-kernschmelze.de\/index.php?rest_route=\/wp\/v2\/pages"}],"about":[{"href":"https:\/\/goldschmiede-kernschmelze.de\/index.php?rest_route=\/wp\/v2\/types\/page"}],"author":[{"embeddable":true,"href":"https:\/\/goldschmiede-kernschmelze.de\/index.php?rest_route=\/wp\/v2\/users\/1"}],"replies":[{"embeddable":true,"href":"https:\/\/goldschmiede-kernschmelze.de\/index.php?rest_route=%2Fwp%2Fv2%2Fcomments&post=46"}],"version-history":[{"count":21,"href":"https:\/\/goldschmiede-kernschmelze.de\/index.php?rest_route=\/wp\/v2\/pages\/46\/revisions"}],"predecessor-version":[{"id":533,"href":"https:\/\/goldschmiede-kernschmelze.de\/index.php?rest_route=\/wp\/v2\/pages\/46\/revisions\/533"}],"up":[{"embeddable":true,"href":"https:\/\/goldschmiede-kernschmelze.de\/index.php?rest_route=\/wp\/v2\/pages\/9"}],"wp:attachment":[{"href":"https:\/\/goldschmiede-kernschmelze.de\/index.php?rest_route=%2Fwp%2Fv2%2Fmedia&parent=46"}],"curies":[{"name":"wp","href":"https:\/\/api.w.org\/{rel}","templated":true}]}}