{"id":43,"date":"2016-10-20T15:38:12","date_gmt":"2016-10-20T15:38:12","guid":{"rendered":"http:\/\/goldschmiede-kernschmelze.de\/?page_id=43"},"modified":"2021-07-02T11:17:19","modified_gmt":"2021-07-02T09:17:19","slug":"auftragsfertigung","status":"publish","type":"page","link":"https:\/\/goldschmiede-kernschmelze.de\/?page_id=43","title":{"rendered":"Auftragsfertigung"},"content":{"rendered":"<h2><strong>Wunscherf\u00fcllung mit edlen Metallen<\/strong><\/h2>\n<p>Ein juwelenbesetzter Verlobungsring, au\u00dfergew\u00f6hnlich designte Eheringe, einzigartige Siegelringe, raffinierter Ohrschmuck mit oder ohne atemberaubend funkelnde Edelsteine, m\u00e4rchenhafte Halsketten und Colliers, fantasievolle Armreife, edle Anstecknadeln und vieles mehr. Es gibt die vielf\u00e4ltigsten Arten von Schmuck, um Gef\u00fchle f\u00fcr einen geliebten Menschen auszudr\u00fccken oder an eine ganz besondere Zeit zu erinnern.<\/p>\n<p>Als <strong>Goldschmiede-Meister<\/strong> habe ich umfassende Erfahrung in der Herstellung der verschiedensten Arten von Schmuck und beherrsche eine gro\u00dfe Bandbreite an klassischen sowie modernen Stilen. M\u00f6chten Sie einen ausgefallenen Entwurf f\u00fcr Ihre Juwelier-Ausstellung realisieren? Gerne setze ich ihn in hochwertiger Handarbeit um. Oder haben Sie eine <strong>Idee f\u00fcr ein ganz pers\u00f6nliches Schmuckst\u00fcck?<\/strong> Auf Wunsch berate ich Sie beim Design, bis alles perfekt ist. Dabei arbeite ich mit den \u00fcblichen Edelmetallen und -steinen, aber auch mit ungew\u00f6hnlichen Ausgangsmaterialien.<\/p>\n<p>[metaslider id=419]<\/p>\n<p><strong>Meine Methoden, um Ihre individuellen Tr\u00e4ume zu verwirklichen:<\/strong><br \/>\n&#8211; Erstellen von Zeichnungen (<a href=\"https:\/\/goldschmiede-kernschmelze.de\/?page_id=465\">auch mit CAD<\/a>)<br \/>\n&#8211; Schmelzen und Gie\u00dfen von Metall (auch au\u00dfergew\u00f6hnliche Legierungen), um Bleche oder Dr\u00e4hte herzustellen<br \/>\n&#8211; Schmieden und Feilen<br \/>\n&#8211; L\u00f6ten zur Montage von Schmuckst\u00fccken<br \/>\n&#8211; Anpassen von Schmuckst\u00fccken f\u00fcr optimalen Tragekomfort<br \/>\n&#8211; Fertigstellen von hochglanzpolierten oder raffiniert mattierten Oberfl\u00e4chen<\/p>\n<p>[metaslider id=413]<\/p>\n<p><strong>In Kooperation mit kompetenten Partnern erm\u00f6gliche ich zudem:<\/strong><br \/>\n&#8211; Gravieren, maschinell oder von Hand<br \/>\n&#8211; Fassen von Steinen<\/p>\n<p><img loading=\"lazy\" decoding=\"async\" class=\"aligncenter wp-image-390 \" src=\"https:\/\/goldschmiede-kernschmelze.de\/wp-content\/uploads\/HoroskopRing-300x225.jpg\" alt=\"\" width=\"655\" height=\"491\" srcset=\"https:\/\/goldschmiede-kernschmelze.de\/wp-content\/uploads\/HoroskopRing-300x225.jpg 300w, https:\/\/goldschmiede-kernschmelze.de\/wp-content\/uploads\/HoroskopRing-768x576.jpg 768w, https:\/\/goldschmiede-kernschmelze.de\/wp-content\/uploads\/HoroskopRing.jpg 1024w, https:\/\/goldschmiede-kernschmelze.de\/wp-content\/uploads\/HoroskopRing-267x200.jpg 267w\" sizes=\"auto, (max-width: 655px) 100vw, 655px\" \/><\/p>\n<p>Und wie sehen Ihre Schmuck-Fantasien aus? <strong><a href=\"https:\/\/goldschmiede-kernschmelze.de\/?page_id=15\">Sprechen wir dar\u00fcber<\/a>.<\/strong><\/p>\n<p><strong><a href=\"https:\/\/goldschmiede-kernschmelze.de\/#post-7\">Zur\u00fcck zur Hauptseite<\/a><\/strong><\/p>\n","protected":false},"excerpt":{"rendered":"<p>Wunscherf\u00fcllung mit edlen Metallen Ein juwelenbesetzter Verlobungsring, au\u00dfergew\u00f6hnlich designte Eheringe, einzigartige Siegelringe, raffinierter Ohrschmuck mit oder ohne atemberaubend funkelnde Edelsteine,<\/p>\n<p><a href=\"https:\/\/goldschmiede-kernschmelze.de\/?page_id=43\" class=\"more-link\">Continue reading<span class=\"screen-reader-text\">Auftragsfertigung<\/span><\/a><\/p>\n","protected":false},"author":1,"featured_media":0,"parent":9,"menu_order":1,"comment_status":"closed","ping_status":"closed","template":"","meta":{"footnotes":""},"class_list":["post-43","page","type-page","status-publish","hentry"],"_links":{"self":[{"href":"https:\/\/goldschmiede-kernschmelze.de\/index.php?rest_route=\/wp\/v2\/pages\/43","targetHints":{"allow":["GET"]}}],"collection":[{"href":"https:\/\/goldschmiede-kernschmelze.de\/index.php?rest_route=\/wp\/v2\/pages"}],"about":[{"href":"https:\/\/goldschmiede-kernschmelze.de\/index.php?rest_route=\/wp\/v2\/types\/page"}],"author":[{"embeddable":true,"href":"https:\/\/goldschmiede-kernschmelze.de\/index.php?rest_route=\/wp\/v2\/users\/1"}],"replies":[{"embeddable":true,"href":"https:\/\/goldschmiede-kernschmelze.de\/index.php?rest_route=%2Fwp%2Fv2%2Fcomments&post=43"}],"version-history":[{"count":11,"href":"https:\/\/goldschmiede-kernschmelze.de\/index.php?rest_route=\/wp\/v2\/pages\/43\/revisions"}],"predecessor-version":[{"id":575,"href":"https:\/\/goldschmiede-kernschmelze.de\/index.php?rest_route=\/wp\/v2\/pages\/43\/revisions\/575"}],"up":[{"embeddable":true,"href":"https:\/\/goldschmiede-kernschmelze.de\/index.php?rest_route=\/wp\/v2\/pages\/9"}],"wp:attachment":[{"href":"https:\/\/goldschmiede-kernschmelze.de\/index.php?rest_route=%2Fwp%2Fv2%2Fmedia&parent=43"}],"curies":[{"name":"wp","href":"https:\/\/api.w.org\/{rel}","templated":true}]}}