{"id":15,"date":"2016-10-20T15:10:18","date_gmt":"2016-10-20T15:10:18","guid":{"rendered":"http:\/\/goldschmiede-kernschmelze.de\/?page_id=15"},"modified":"2024-06-02T17:23:29","modified_gmt":"2024-06-02T15:23:29","slug":"kontakt","status":"publish","type":"page","link":"https:\/\/goldschmiede-kernschmelze.de\/?page_id=15","title":{"rendered":"KONTAKT"},"content":{"rendered":"\n<p>Interessieren Sie sich f\u00fcr meine <a href=\"https:\/\/goldschmiede-kernschmelze.de\/?page_id=7\"><strong>Autorenschmuck<\/strong><\/a>-Kollektionen oder ein individuell <strong>nach Ihren W\u00fcnschen hergestelltes Schmuckst\u00fcck<\/strong>? M\u00f6chten Sie<strong> Schmuck reparieren<\/strong> lassen?<\/p>\n\n\n\n<p>Nutzen Sie f\u00fcr Anfragen einfach das Formular. Je genauer Sie Ihr Anliegen formulieren, desto besser kann ich antworten. Wenn Sie zur\u00fcckgerufen werden m\u00f6chten, k\u00f6nnen Sie mit Ihrer Telefonnummer gerne eine Zeit angeben, wann es Ihnen am besten passt.<\/p>\n\n\n\n<div class=\"wpcf7 no-js\" id=\"wpcf7-f39-o1\" lang=\"de-DE\" dir=\"ltr\" data-wpcf7-id=\"39\">\n<div class=\"screen-reader-response\"><p role=\"status\" aria-live=\"polite\" aria-atomic=\"true\"><\/p> <ul><\/ul><\/div>\n<form action=\"\/index.php?rest_route=%2Fwp%2Fv2%2Fpages%2F15#wpcf7-f39-o1\" method=\"post\" class=\"wpcf7-form init\" aria-label=\"Kontaktformular\" novalidate=\"novalidate\" data-status=\"init\">\n<fieldset class=\"hidden-fields-container\"><input type=\"hidden\" name=\"_wpcf7\" value=\"39\" \/><input type=\"hidden\" name=\"_wpcf7_version\" value=\"6.1.5\" \/><input type=\"hidden\" name=\"_wpcf7_locale\" value=\"de_DE\" \/><input type=\"hidden\" name=\"_wpcf7_unit_tag\" value=\"wpcf7-f39-o1\" \/><input type=\"hidden\" name=\"_wpcf7_container_post\" value=\"0\" \/><input type=\"hidden\" name=\"_wpcf7_posted_data_hash\" value=\"\" \/>\n<\/fieldset>\n<p><label> Name (Pflichtfeld)<br \/>\n<span class=\"wpcf7-form-control-wrap\" data-name=\"your-name\"><input size=\"40\" maxlength=\"400\" class=\"wpcf7-form-control wpcf7-text wpcf7-validates-as-required\" aria-required=\"true\" aria-invalid=\"false\" value=\"\" type=\"text\" name=\"your-name\" \/><\/span> <\/label>\n<\/p>\n<p><label> E-Mail-Adresse (Pflichtfeld)<br \/>\n<span class=\"wpcf7-form-control-wrap\" data-name=\"your-email\"><input size=\"40\" maxlength=\"400\" class=\"wpcf7-form-control wpcf7-email wpcf7-validates-as-required wpcf7-text wpcf7-validates-as-email\" aria-required=\"true\" aria-invalid=\"false\" value=\"\" type=\"email\" name=\"your-email\" \/><\/span> <\/label>\n<\/p>\n<p><label> Betreff<br \/>\n<span class=\"wpcf7-form-control-wrap\" data-name=\"your-subject\"><input size=\"40\" maxlength=\"400\" class=\"wpcf7-form-control wpcf7-text\" aria-invalid=\"false\" value=\"\" type=\"text\" name=\"your-subject\" \/><\/span> <\/label>\n<\/p>\n<p><label> Ihre Nachricht<br \/>\n<span class=\"wpcf7-form-control-wrap\" data-name=\"your-message\"><textarea cols=\"40\" rows=\"10\" maxlength=\"2000\" class=\"wpcf7-form-control wpcf7-textarea\" aria-invalid=\"false\" name=\"your-message\"><\/textarea><\/span> <\/label>\n<\/p>\n<p><span class=\"wpcf7-form-control-wrap\" data-name=\"acceptance-452\"><span class=\"wpcf7-form-control wpcf7-acceptance\"><span class=\"wpcf7-list-item\"><input type=\"checkbox\" name=\"acceptance-452\" value=\"1\" aria-invalid=\"false\" \/><\/span><\/span><\/span><label> Bitte hier ein H\u00e4kchen setzen, dass Sie mit meiner DSGVO-konformen Datenschutzerkl\u00e4rung (siehe unten) einverstanden sind.<br \/>\n<input class=\"wpcf7-form-control wpcf7-submit has-spinner\" type=\"submit\" value=\"Senden\" \/><\/label>\n<\/p><p style=\"display: none !important;\" class=\"akismet-fields-container\" data-prefix=\"_wpcf7_ak_\"><label>&#916;<textarea name=\"_wpcf7_ak_hp_textarea\" cols=\"45\" rows=\"8\" maxlength=\"100\"><\/textarea><\/label><input type=\"hidden\" id=\"ak_js_1\" name=\"_wpcf7_ak_js\" value=\"189\"\/><script>document.getElementById( \"ak_js_1\" ).setAttribute( \"value\", ( new Date() ).getTime() );<\/script><\/p><div class=\"wpcf7-response-output\" aria-hidden=\"true\"><\/div>\n<\/form>\n<\/div>\n\n\n\n<div class=\"wp-block-image\">\n<figure class=\"aligncenter size-full\"><img loading=\"lazy\" decoding=\"async\" width=\"452\" height=\"480\" src=\"https:\/\/goldschmiede-kernschmelze.de\/wp-content\/uploads\/Impressum-Website-Kernschmelze-e.png\" alt=\"\" class=\"wp-image-643\" srcset=\"https:\/\/goldschmiede-kernschmelze.de\/wp-content\/uploads\/Impressum-Website-Kernschmelze-e.png 452w, https:\/\/goldschmiede-kernschmelze.de\/wp-content\/uploads\/Impressum-Website-Kernschmelze-e-283x300.png 283w\" sizes=\"auto, (max-width: 452px) 100vw, 452px\" \/><\/figure><\/div>\n\n\n<p><strong>Achtung: Bitte an die Adresse im Impressum keine Ware schicken!<\/strong><\/p>\n\n\n\n<p>Diese Adresse ist ausschlie\u00dflich f\u00fcr amtlichen Schriftverkehr gedacht. Wenn Sie mir etwas schicken wollen, kontaktieren Sie mich bitte erst unter der angegebenen Telefonnummer oder E-Mail oder \u00fcber das Kontaktformular. Ich bitte um Ihr Verst\u00e4ndnis.<\/p>\n\n\n\n<p>Alle relevanten Ausk\u00fcnfte zum vertraulichen Umgang mit Daten auf dieser Website finden Sie <a href=\"https:\/\/goldschmiede-kernschmelze.de\/wp-content\/uploads\/DATENSCHUTZERKLAERUNG_Goldschmiede-Kernschmelze.pdf\" target=\"_blank\" rel=\"noopener noreferrer\"><strong>hier in der Datenschutzerkl\u00e4rung<\/strong><\/a>.<\/p>\n\n\n\n<p><\/p>\n","protected":false},"excerpt":{"rendered":"<p>Interessieren Sie sich f\u00fcr meine Autorenschmuck-Kollektionen oder ein individuell nach Ihren W\u00fcnschen hergestelltes Schmuckst\u00fcck? M\u00f6chten Sie Schmuck reparieren lassen? Nutzen<\/p>\n<p><a href=\"https:\/\/goldschmiede-kernschmelze.de\/?page_id=15\" class=\"more-link\">Continue reading<span class=\"screen-reader-text\">KONTAKT<\/span><\/a><\/p>\n","protected":false},"author":1,"featured_media":0,"parent":0,"menu_order":6,"comment_status":"closed","ping_status":"closed","template":"page-templates\/template-full-width.php","meta":{"footnotes":""},"class_list":["post-15","page","type-page","status-publish","hentry"],"_links":{"self":[{"href":"https:\/\/goldschmiede-kernschmelze.de\/index.php?rest_route=\/wp\/v2\/pages\/15","targetHints":{"allow":["GET"]}}],"collection":[{"href":"https:\/\/goldschmiede-kernschmelze.de\/index.php?rest_route=\/wp\/v2\/pages"}],"about":[{"href":"https:\/\/goldschmiede-kernschmelze.de\/index.php?rest_route=\/wp\/v2\/types\/page"}],"author":[{"embeddable":true,"href":"https:\/\/goldschmiede-kernschmelze.de\/index.php?rest_route=\/wp\/v2\/users\/1"}],"replies":[{"embeddable":true,"href":"https:\/\/goldschmiede-kernschmelze.de\/index.php?rest_route=%2Fwp%2Fv2%2Fcomments&post=15"}],"version-history":[{"count":19,"href":"https:\/\/goldschmiede-kernschmelze.de\/index.php?rest_route=\/wp\/v2\/pages\/15\/revisions"}],"predecessor-version":[{"id":644,"href":"https:\/\/goldschmiede-kernschmelze.de\/index.php?rest_route=\/wp\/v2\/pages\/15\/revisions\/644"}],"wp:attachment":[{"href":"https:\/\/goldschmiede-kernschmelze.de\/index.php?rest_route=%2Fwp%2Fv2%2Fmedia&parent=15"}],"curies":[{"name":"wp","href":"https:\/\/api.w.org\/{rel}","templated":true}]}}