{"id":11,"date":"2016-10-20T15:01:31","date_gmt":"2016-10-20T15:01:31","guid":{"rendered":"http:\/\/goldschmiede-kernschmelze.de\/?page_id=11"},"modified":"2021-07-02T10:32:12","modified_gmt":"2021-07-02T08:32:12","slug":"meister","status":"publish","type":"page","link":"https:\/\/goldschmiede-kernschmelze.de\/?page_id=11","title":{"rendered":"Bio"},"content":{"rendered":"<p>Meine Wurzeln liegen im N\u00fcrnberger Land, meine Ausbildung und Gesellenpr\u00fcfung habe ich in Braunschweig absolviert. \u00dcber ein Jahrzehnt meiner Gesellenzeit habe ich erst im Umkreis von und dann direkt in der Weltmetropole London verbracht.<\/p>\n<p><img loading=\"lazy\" decoding=\"async\" class=\"size-full wp-image-457 alignleft\" src=\"https:\/\/goldschmiede-kernschmelze.de\/wp-content\/uploads\/Profilbild.jpg\" alt=\"\" width=\"503\" height=\"505\" srcset=\"https:\/\/goldschmiede-kernschmelze.de\/wp-content\/uploads\/Profilbild.jpg 503w, https:\/\/goldschmiede-kernschmelze.de\/wp-content\/uploads\/Profilbild-300x300.jpg 300w, https:\/\/goldschmiede-kernschmelze.de\/wp-content\/uploads\/Profilbild-150x150.jpg 150w, https:\/\/goldschmiede-kernschmelze.de\/wp-content\/uploads\/Profilbild-280x280.jpg 280w, https:\/\/goldschmiede-kernschmelze.de\/wp-content\/uploads\/Profilbild-100x100.jpg 100w, https:\/\/goldschmiede-kernschmelze.de\/wp-content\/uploads\/Profilbild-199x200.jpg 199w\" sizes=\"auto, (max-width: 503px) 100vw, 503px\" \/><\/p>\n<p>2016 habe ich an der Staatlichen Zeichenakademie Hanau die Weiterbildung zum Staatlich Gepr\u00fcften Produktdesigner der Fachrichtung Schmuck und die Meisterpr\u00fcfung im Gold- und Silberschmiedehandwerk absolviert <a href=\"https:\/\/goldschmiede-kernschmelze.de\/?p=296\">(als Bester in meinem Beruf in diesem Jahrgang &#8211; hier mehr dazu)<\/a>. Seitdem betreibe ich hier meine eigene Goldschmiede.<\/p>\n<p><img loading=\"lazy\" decoding=\"async\" class=\"size-medium wp-image-185 alignleft\" src=\"https:\/\/goldschmiede-kernschmelze.de\/wp-content\/uploads\/20160311_095324-300x225.jpg\" alt=\"\" width=\"300\" height=\"225\" srcset=\"https:\/\/goldschmiede-kernschmelze.de\/wp-content\/uploads\/20160311_095324-300x225.jpg 300w, https:\/\/goldschmiede-kernschmelze.de\/wp-content\/uploads\/20160311_095324-768x576.jpg 768w, https:\/\/goldschmiede-kernschmelze.de\/wp-content\/uploads\/20160311_095324-1024x768.jpg 1024w, https:\/\/goldschmiede-kernschmelze.de\/wp-content\/uploads\/20160311_095324-267x200.jpg 267w\" sizes=\"auto, (max-width: 300px) 100vw, 300px\" \/><img loading=\"lazy\" decoding=\"async\" class=\"size-medium wp-image-184 alignright\" src=\"https:\/\/goldschmiede-kernschmelze.de\/wp-content\/uploads\/20160311_095256-300x225.jpg\" alt=\"\" width=\"300\" height=\"225\" srcset=\"https:\/\/goldschmiede-kernschmelze.de\/wp-content\/uploads\/20160311_095256-300x225.jpg 300w, https:\/\/goldschmiede-kernschmelze.de\/wp-content\/uploads\/20160311_095256-768x576.jpg 768w, https:\/\/goldschmiede-kernschmelze.de\/wp-content\/uploads\/20160311_095256-1024x768.jpg 1024w, https:\/\/goldschmiede-kernschmelze.de\/wp-content\/uploads\/20160311_095256-267x200.jpg 267w\" sizes=\"auto, (max-width: 300px) 100vw, 300px\" \/><\/p>\n<p>Mein Meisterst\u00fcck: Armreif, Silber, teilweise geschw\u00e4rzt, die Fl\u00fcgel springen auf Knopfdruck auf. (unverk\u00e4uflich)<\/p>\n<p>In meinen \u201eWanderjahren\u201c hatte ich das Gl\u00fcck, mit vielen sehr guten, international bekannten Leuten zusammenzuarbeiten. Von meinem Netzwerk zu ausgezeichneten Handwerkern, talentierten Designern sowie Werkzeug- und Material-Lieferanten profitiere ich bis heute. Jeder Wechsel in eine andere Werkstatt war immer auch ein beruflicher Aufstieg, der mit dem Kennenlernen neuer Arbeitsbereiche verbunden war. Ob Serienproduktionen oder komplizierte Designschmuck-Unikate: Von traditionellen Techniken und Werkzeugen bis hin zu hochmodernem CAD-Druck habe ich fast alles gelernt, was in Goldschmieden heutzutage gang und g\u00e4be ist.<\/p>\n<p>Nach \u00fcber vierzehn Jahren Praxis in Produktion und Anfertigung habe ich w\u00e4hrend des Studiums in Hanau mein Wissen und meine Fertigkeiten im Entwerfen und Planen von Schmuck schlie\u00dflich noch weiter verfeinert. Mit meiner ersten <strong><a href=\"https:\/\/goldschmiede-kernschmelze.de\/?page_id=7\">Kollektion \u201ehinged\u201c<\/a><\/strong>, die auf meiner Gestalter-Abschlussarbeit basiert, setze ich mich mit dem Thema Verschmelzung von Mensch und Maschine auseinander. Die ausschlie\u00dflich aus technisch-steril wirkenden, wei\u00dfen Metallen gefertigten Kollektionsst\u00fccke erzeugen einen starken Kontrast zur Haut. Wie Exoskelette fungierend, folgen sie den Bewegungen des K\u00f6rpers oder f\u00fcgen ihnen neue Bewegungsrichtungen hinzu. \u00dcber die \u00e4sthetische Wirkung hinaus soll dieser Schmuck seine Tr\u00e4ger\/-innen vor allem dazu motivieren, mit ihm zu spielen.<\/p>\n","protected":false},"excerpt":{"rendered":"<p>Meine Wurzeln liegen im N\u00fcrnberger Land, meine Ausbildung und Gesellenpr\u00fcfung habe ich in Braunschweig absolviert. \u00dcber ein Jahrzehnt meiner Gesellenzeit<\/p>\n<p><a href=\"https:\/\/goldschmiede-kernschmelze.de\/?page_id=11\" class=\"more-link\">Continue reading<span class=\"screen-reader-text\">Bio<\/span><\/a><\/p>\n","protected":false},"author":1,"featured_media":0,"parent":0,"menu_order":4,"comment_status":"closed","ping_status":"closed","template":"page-templates\/template-full-width.php","meta":{"footnotes":""},"class_list":["post-11","page","type-page","status-publish","hentry"],"_links":{"self":[{"href":"https:\/\/goldschmiede-kernschmelze.de\/index.php?rest_route=\/wp\/v2\/pages\/11","targetHints":{"allow":["GET"]}}],"collection":[{"href":"https:\/\/goldschmiede-kernschmelze.de\/index.php?rest_route=\/wp\/v2\/pages"}],"about":[{"href":"https:\/\/goldschmiede-kernschmelze.de\/index.php?rest_route=\/wp\/v2\/types\/page"}],"author":[{"embeddable":true,"href":"https:\/\/goldschmiede-kernschmelze.de\/index.php?rest_route=\/wp\/v2\/users\/1"}],"replies":[{"embeddable":true,"href":"https:\/\/goldschmiede-kernschmelze.de\/index.php?rest_route=%2Fwp%2Fv2%2Fcomments&post=11"}],"version-history":[{"count":22,"href":"https:\/\/goldschmiede-kernschmelze.de\/index.php?rest_route=\/wp\/v2\/pages\/11\/revisions"}],"predecessor-version":[{"id":554,"href":"https:\/\/goldschmiede-kernschmelze.de\/index.php?rest_route=\/wp\/v2\/pages\/11\/revisions\/554"}],"wp:attachment":[{"href":"https:\/\/goldschmiede-kernschmelze.de\/index.php?rest_route=%2Fwp%2Fv2%2Fmedia&parent=11"}],"curies":[{"name":"wp","href":"https:\/\/api.w.org\/{rel}","templated":true}]}}